{"id":809,"date":"2025-10-24T09:12:33","date_gmt":"2025-10-24T07:12:33","guid":{"rendered":"https:\/\/bezpiecznefinanse.net\/?page_id=809"},"modified":"2025-11-04T18:49:10","modified_gmt":"2025-11-04T17:49:10","slug":"aktualnosci","status":"publish","type":"page","link":"https:\/\/bezpiecznefinanse.net\/index.php\/aktualnosci\/","title":{"rendered":"Aktualno\u015bci"},"content":{"rendered":"<p>[blocksy_posts limit=&#8221;3&#8243; has_pagination=&#8221;no&#8221;]<\/p>\n\n\n\n<p><\/p>\n","protected":false},"excerpt":{"rendered":"","protected":false},"author":1,"featured_media":0,"parent":0,"menu_order":0,"comment_status":"closed","ping_status":"closed","template":"","meta":{"footnotes":""},"class_list":["post-809","page","type-page","status-publish","hentry"],"blocksy_meta":[],"yoast_head":"<!-- This site is optimized with the Yoast SEO plugin v27.3 - https:\/\/yoast.com\/product\/yoast-seo-wordpress\/ -->\n<title>Aktualno\u015bci - Bezpieczne Finanse<\/title>\n<meta name=\"description\" content=\"Je\u015bli chcesz por\u00f3wna\u0107 oferty, sprawdzi\u0107 zdolno\u015b\u0107 kredytow\u0105 lub po prostu porozmawia\u0107 o wariantach finansowania \u2014 napisz lub zadzwo\u0144. Pomog\u0119 znale\u017a\u0107 rozwi\u0105zanie dopasowane do Twoich cel\u00f3w.\" \/>\n<meta name=\"robots\" content=\"index, follow, max-snippet:-1, max-image-preview:large, max-video-preview:-1\" \/>\n<link rel=\"canonical\" href=\"https:\/\/bezpiecznefinanse.net\/index.php\/aktualnosci\/\" \/>\n<meta property=\"og:locale\" content=\"pl_PL\" \/>\n<meta property=\"og:type\" content=\"article\" \/>\n<meta property=\"og:title\" content=\"Aktualno\u015bci - Bezpieczne Finanse\" \/>\n<meta property=\"og:description\" content=\"Je\u015bli chcesz por\u00f3wna\u0107 oferty, sprawdzi\u0107 zdolno\u015b\u0107 kredytow\u0105 lub po prostu porozmawia\u0107 o wariantach finansowania \u2014 napisz lub zadzwo\u0144. Pomog\u0119 znale\u017a\u0107 rozwi\u0105zanie dopasowane do Twoich cel\u00f3w.\" \/>\n<meta property=\"og:url\" content=\"https:\/\/bezpiecznefinanse.net\/index.php\/aktualnosci\/\" \/>\n<meta property=\"og:site_name\" content=\"Bezpieczne Finanse\" \/>\n<meta property=\"article:publisher\" content=\"https:\/\/www.facebook.com\/profile.php?id=100076367980298\" \/>\n<meta property=\"article:modified_time\" content=\"2025-11-04T17:49:10+00:00\" \/>\n<meta name=\"twitter:card\" content=\"summary_large_image\" \/>\n<meta name=\"twitter:label1\" content=\"Szacowany czas czytania\" \/>\n\t<meta name=\"twitter:data1\" content=\"1 minuta\" \/>\n<script type=\"application\/ld+json\" class=\"yoast-schema-graph\">{\"@context\":\"https:\\\/\\\/schema.org\",\"@graph\":[{\"@type\":\"WebPage\",\"@id\":\"https:\\\/\\\/bezpiecznefinanse.net\\\/index.php\\\/aktualnosci\\\/\",\"url\":\"https:\\\/\\\/bezpiecznefinanse.net\\\/index.php\\\/aktualnosci\\\/\",\"name\":\"Aktualno\u015bci - Bezpieczne Finanse\",\"isPartOf\":{\"@id\":\"https:\\\/\\\/bezpiecznefinanse.net\\\/#website\"},\"datePublished\":\"2025-10-24T07:12:33+00:00\",\"dateModified\":\"2025-11-04T17:49:10+00:00\",\"description\":\"Je\u015bli chcesz por\u00f3wna\u0107 oferty, sprawdzi\u0107 zdolno\u015b\u0107 kredytow\u0105 lub po prostu porozmawia\u0107 o wariantach finansowania \u2014 napisz lub zadzwo\u0144. Pomog\u0119 znale\u017a\u0107 rozwi\u0105zanie dopasowane do Twoich cel\u00f3w.\",\"breadcrumb\":{\"@id\":\"https:\\\/\\\/bezpiecznefinanse.net\\\/index.php\\\/aktualnosci\\\/#breadcrumb\"},\"inLanguage\":\"pl-PL\",\"potentialAction\":[{\"@type\":\"ReadAction\",\"target\":[\"https:\\\/\\\/bezpiecznefinanse.net\\\/index.php\\\/aktualnosci\\\/\"]}]},{\"@type\":\"BreadcrumbList\",\"@id\":\"https:\\\/\\\/bezpiecznefinanse.net\\\/index.php\\\/aktualnosci\\\/#breadcrumb\",\"itemListElement\":[{\"@type\":\"ListItem\",\"position\":1,\"name\":\"Strona g\u0142\u00f3wna\",\"item\":\"https:\\\/\\\/bezpiecznefinanse.net\\\/\"},{\"@type\":\"ListItem\",\"position\":2,\"name\":\"Aktualno\u015bci\"}]},{\"@type\":\"WebSite\",\"@id\":\"https:\\\/\\\/bezpiecznefinanse.net\\\/#website\",\"url\":\"https:\\\/\\\/bezpiecznefinanse.net\\\/\",\"name\":\"Bezpieczne Finanse Kamil Adamski\",\"description\":\"\",\"publisher\":{\"@id\":\"https:\\\/\\\/bezpiecznefinanse.net\\\/#\\\/schema\\\/person\\\/9062fecb473c749b50061a431388cee0\"},\"potentialAction\":[{\"@type\":\"SearchAction\",\"target\":{\"@type\":\"EntryPoint\",\"urlTemplate\":\"https:\\\/\\\/bezpiecznefinanse.net\\\/?s={search_term_string}\"},\"query-input\":{\"@type\":\"PropertyValueSpecification\",\"valueRequired\":true,\"valueName\":\"search_term_string\"}}],\"inLanguage\":\"pl-PL\"},{\"@type\":[\"Person\",\"Organization\"],\"@id\":\"https:\\\/\\\/bezpiecznefinanse.net\\\/#\\\/schema\\\/person\\\/9062fecb473c749b50061a431388cee0\",\"name\":\"Kamil Adamski\",\"image\":{\"@type\":\"ImageObject\",\"inLanguage\":\"pl-PL\",\"@id\":\"https:\\\/\\\/bezpiecznefinanse.net\\\/wp-content\\\/uploads\\\/2025\\\/10\\\/logo-BF.jpg\",\"url\":\"https:\\\/\\\/bezpiecznefinanse.net\\\/wp-content\\\/uploads\\\/2025\\\/10\\\/logo-BF.jpg\",\"contentUrl\":\"https:\\\/\\\/bezpiecznefinanse.net\\\/wp-content\\\/uploads\\\/2025\\\/10\\\/logo-BF.jpg\",\"width\":785,\"height\":442,\"caption\":\"Kamil Adamski\"},\"logo\":{\"@id\":\"https:\\\/\\\/bezpiecznefinanse.net\\\/wp-content\\\/uploads\\\/2025\\\/10\\\/logo-BF.jpg\"},\"sameAs\":[\"http:\\\/\\\/bezpiecznefinanse.net\",\"https:\\\/\\\/www.facebook.com\\\/profile.php?id=100076367980298\"]}]}<\/script>\n<!-- \/ Yoast SEO plugin. -->","yoast_head_json":{"title":"Aktualno\u015bci - Bezpieczne Finanse","description":"Je\u015bli chcesz por\u00f3wna\u0107 oferty, sprawdzi\u0107 zdolno\u015b\u0107 kredytow\u0105 lub po prostu porozmawia\u0107 o wariantach finansowania \u2014 napisz lub zadzwo\u0144. Pomog\u0119 znale\u017a\u0107 rozwi\u0105zanie dopasowane do Twoich cel\u00f3w.","robots":{"index":"index","follow":"follow","max-snippet":"max-snippet:-1","max-image-preview":"max-image-preview:large","max-video-preview":"max-video-preview:-1"},"canonical":"https:\/\/bezpiecznefinanse.net\/index.php\/aktualnosci\/","og_locale":"pl_PL","og_type":"article","og_title":"Aktualno\u015bci - Bezpieczne Finanse","og_description":"Je\u015bli chcesz por\u00f3wna\u0107 oferty, sprawdzi\u0107 zdolno\u015b\u0107 kredytow\u0105 lub po prostu porozmawia\u0107 o wariantach finansowania \u2014 napisz lub zadzwo\u0144. Pomog\u0119 znale\u017a\u0107 rozwi\u0105zanie dopasowane do Twoich cel\u00f3w.","og_url":"https:\/\/bezpiecznefinanse.net\/index.php\/aktualnosci\/","og_site_name":"Bezpieczne Finanse","article_publisher":"https:\/\/www.facebook.com\/profile.php?id=100076367980298","article_modified_time":"2025-11-04T17:49:10+00:00","twitter_card":"summary_large_image","twitter_misc":{"Szacowany czas czytania":"1 minuta"},"schema":{"@context":"https:\/\/schema.org","@graph":[{"@type":"WebPage","@id":"https:\/\/bezpiecznefinanse.net\/index.php\/aktualnosci\/","url":"https:\/\/bezpiecznefinanse.net\/index.php\/aktualnosci\/","name":"Aktualno\u015bci - Bezpieczne Finanse","isPartOf":{"@id":"https:\/\/bezpiecznefinanse.net\/#website"},"datePublished":"2025-10-24T07:12:33+00:00","dateModified":"2025-11-04T17:49:10+00:00","description":"Je\u015bli chcesz por\u00f3wna\u0107 oferty, sprawdzi\u0107 zdolno\u015b\u0107 kredytow\u0105 lub po prostu porozmawia\u0107 o wariantach finansowania \u2014 napisz lub zadzwo\u0144. Pomog\u0119 znale\u017a\u0107 rozwi\u0105zanie dopasowane do Twoich cel\u00f3w.","breadcrumb":{"@id":"https:\/\/bezpiecznefinanse.net\/index.php\/aktualnosci\/#breadcrumb"},"inLanguage":"pl-PL","potentialAction":[{"@type":"ReadAction","target":["https:\/\/bezpiecznefinanse.net\/index.php\/aktualnosci\/"]}]},{"@type":"BreadcrumbList","@id":"https:\/\/bezpiecznefinanse.net\/index.php\/aktualnosci\/#breadcrumb","itemListElement":[{"@type":"ListItem","position":1,"name":"Strona g\u0142\u00f3wna","item":"https:\/\/bezpiecznefinanse.net\/"},{"@type":"ListItem","position":2,"name":"Aktualno\u015bci"}]},{"@type":"WebSite","@id":"https:\/\/bezpiecznefinanse.net\/#website","url":"https:\/\/bezpiecznefinanse.net\/","name":"Bezpieczne Finanse Kamil Adamski","description":"","publisher":{"@id":"https:\/\/bezpiecznefinanse.net\/#\/schema\/person\/9062fecb473c749b50061a431388cee0"},"potentialAction":[{"@type":"SearchAction","target":{"@type":"EntryPoint","urlTemplate":"https:\/\/bezpiecznefinanse.net\/?s={search_term_string}"},"query-input":{"@type":"PropertyValueSpecification","valueRequired":true,"valueName":"search_term_string"}}],"inLanguage":"pl-PL"},{"@type":["Person","Organization"],"@id":"https:\/\/bezpiecznefinanse.net\/#\/schema\/person\/9062fecb473c749b50061a431388cee0","name":"Kamil Adamski","image":{"@type":"ImageObject","inLanguage":"pl-PL","@id":"https:\/\/bezpiecznefinanse.net\/wp-content\/uploads\/2025\/10\/logo-BF.jpg","url":"https:\/\/bezpiecznefinanse.net\/wp-content\/uploads\/2025\/10\/logo-BF.jpg","contentUrl":"https:\/\/bezpiecznefinanse.net\/wp-content\/uploads\/2025\/10\/logo-BF.jpg","width":785,"height":442,"caption":"Kamil Adamski"},"logo":{"@id":"https:\/\/bezpiecznefinanse.net\/wp-content\/uploads\/2025\/10\/logo-BF.jpg"},"sameAs":["http:\/\/bezpiecznefinanse.net","https:\/\/www.facebook.com\/profile.php?id=100076367980298"]}]}},"_links":{"self":[{"href":"https:\/\/bezpiecznefinanse.net\/index.php\/wp-json\/wp\/v2\/pages\/809","targetHints":{"allow":["GET"]}}],"collection":[{"href":"https:\/\/bezpiecznefinanse.net\/index.php\/wp-json\/wp\/v2\/pages"}],"about":[{"href":"https:\/\/bezpiecznefinanse.net\/index.php\/wp-json\/wp\/v2\/types\/page"}],"author":[{"embeddable":true,"href":"https:\/\/bezpiecznefinanse.net\/index.php\/wp-json\/wp\/v2\/users\/1"}],"replies":[{"embeddable":true,"href":"https:\/\/bezpiecznefinanse.net\/index.php\/wp-json\/wp\/v2\/comments?post=809"}],"version-history":[{"count":10,"href":"https:\/\/bezpiecznefinanse.net\/index.php\/wp-json\/wp\/v2\/pages\/809\/revisions"}],"predecessor-version":[{"id":1006,"href":"https:\/\/bezpiecznefinanse.net\/index.php\/wp-json\/wp\/v2\/pages\/809\/revisions\/1006"}],"wp:attachment":[{"href":"https:\/\/bezpiecznefinanse.net\/index.php\/wp-json\/wp\/v2\/media?parent=809"}],"curies":[{"name":"wp","href":"https:\/\/api.w.org\/{rel}","templated":true}]}}