{"id":963,"date":"2025-10-30T10:41:36","date_gmt":"2025-10-30T09:41:36","guid":{"rendered":"https:\/\/bezpiecznefinanse.net\/?page_id=963"},"modified":"2025-11-04T18:46:33","modified_gmt":"2025-11-04T17:46:33","slug":"kredyty_hipoteczne","status":"publish","type":"page","link":"https:\/\/bezpiecznefinanse.net\/index.php\/kredyty_hipoteczne\/","title":{"rendered":"Kredyty hipoteczne"},"content":{"rendered":"\n<div class=\"wp-block-stackable-columns stk-block-columns stk-block stk-c2cb0bc\" data-block-id=\"c2cb0bc\"><div class=\"stk-row stk-inner-blocks stk-block-content stk-content-align stk-c2cb0bc-column\">\n<div class=\"wp-block-stackable-column stk-block-column stk-column stk-block stk-35c2d53\" data-v=\"4\" data-block-id=\"35c2d53\"><div class=\"stk-column-wrapper stk-block-column__content stk-container stk-35c2d53-container stk--no-background stk--no-padding\"><div class=\"stk-block-content stk-inner-blocks stk-35c2d53-inner-blocks\">\n<p><strong>Kredyty hipoteczne<\/strong><br><br>Decyzja dotycz\u0105ca d\u0142ugoterminowego kredytu hipotecznego jest jedn\u0105 z wa\u017cniejszych, kt\u00f3re podejmujemy w \u017cyciu. Warto przej\u015b\u0107 przez ten proces z kompetentnym doradc\u0105, osob\u0105, kt\u00f3ra b\u0119dzie kierowa\u0142a si\u0119 Twoim interesem \u2013 ze mn\u0105!<\/p>\n\n\n\n<p>Moja us\u0142uga dotycz\u0105ca kredyt\u00f3w jest kompleksowa. Ka\u017cdy klient ma inn\u0105 sytuacj\u0119 i nie ka\u017cdy produkt z pozoru \u015bwietny mo\u017ce by\u0107 dla niego odpowiedni. Ze mn\u0105 sprawdzisz co faktycznie jest dla Ciebie najlepsze!<\/p>\n\n\n\n<ul class=\"wp-block-list\">\n<li>Wysoka kwota finansowania \u2013 kredyt hipoteczny pozwala sfinansowa\u0107 zakup nieruchomo\u015bci o du\u017cej warto\u015bci (mieszkanie, dom, dzia\u0142ka budowlana).<\/li>\n\n\n\n<li>D\u0142ugi okres sp\u0142aty \u2013 zazwyczaj od 10 do 35 lat, dzi\u0119ki czemu miesi\u0119czna rata mo\u017ce by\u0107 dopasowana do Twoich mo\u017cliwo\u015bci finansowych.<\/li>\n\n\n\n<li>Zabezpieczenie na nieruchomo\u015bci \u2013 bank wpisuje hipotek\u0119 do ksi\u0119gi wieczystej, co zwi\u0119ksza jego bezpiecze\u0144stwo i umo\u017cliwia udzielenie kredytu na korzystniejszych warunkach.<\/li>\n\n\n\n<li>Ni\u017csze oprocentowanie ni\u017c w kredytach got\u00f3wkowych \u2013 dzi\u0119ki zabezpieczeniu hipotecznemu, mar\u017ca i oprocentowanie s\u0105 zwykle znacznie ni\u017csze.<\/li>\n\n\n\n<li>R\u00f3\u017cne formy oprocentowania \u2013 mo\u017cesz wybra\u0107 kredyt ze sta\u0142ym lub zmiennym oprocentowaniem, w zale\u017cno\u015bci od preferencji i aktualnej sytuacji rynkowej.<\/li>\n\n\n\n<li>Mo\u017cliwo\u015b\u0107 wcze\u015bniejszej sp\u0142aty \u2013 wi\u0119kszo\u015b\u0107 bank\u00f3w pozwala nadp\u0142aca\u0107 kredyt, skracaj\u0105c okres kredytowania lub obni\u017caj\u0105c rat\u0119.<\/li>\n\n\n\n<li>R\u00f3\u017cne cele finansowania \u2013 zakup nieruchomo\u015bci, budowa domu, remont, refinansowanie innego kredytu hipotecznego czy zakup dzia\u0142ki.<\/li>\n<\/ul>\n<\/div><\/div><\/div>\n<\/div><\/div>\n\n\n\n<p><\/p>\n","protected":false},"excerpt":{"rendered":"<p>Kredyty hipoteczne Decyzja dotycz\u0105ca d\u0142ugoterminowego kredytu hipotecznego jest jedn\u0105 z wa\u017cniejszych, kt\u00f3re podejmujemy w \u017cyciu. Warto przej\u015b\u0107 przez ten proces z kompetentnym doradc\u0105, osob\u0105, kt\u00f3ra b\u0119dzie kierowa\u0142a si\u0119 Twoim interesem \u2013 ze mn\u0105! Moja us\u0142uga dotycz\u0105ca kredyt\u00f3w jest kompleksowa. Ka\u017cdy klient ma inn\u0105 sytuacj\u0119 i nie ka\u017cdy produkt z pozoru \u015bwietny mo\u017ce by\u0107 dla niego [&hellip;]<\/p>\n","protected":false},"author":1,"featured_media":0,"parent":0,"menu_order":0,"comment_status":"closed","ping_status":"closed","template":"","meta":{"footnotes":""},"class_list":["post-963","page","type-page","status-publish","hentry"],"blocksy_meta":[],"yoast_head":"<!-- This site is optimized with the Yoast SEO plugin v27.3 - https:\/\/yoast.com\/product\/yoast-seo-wordpress\/ -->\n<title>Kredyty hipoteczne - Bezpieczne Finanse<\/title>\n<meta name=\"description\" content=\"Decyzja dotycz\u0105ca d\u0142ugoterminowego kredytu hipotecznego jest jedn\u0105 z wa\u017cniejszych, kt\u00f3re podejmujemy w \u017cyciu. Warto przej\u015b\u0107 przez ten proces z kompetentnym doradc\u0105, osob\u0105, kt\u00f3ra b\u0119dzie kierowa\u0142a si\u0119 Twoim interesem \u2013 ze mn\u0105!\" \/>\n<meta name=\"robots\" content=\"index, follow, max-snippet:-1, max-image-preview:large, max-video-preview:-1\" \/>\n<link rel=\"canonical\" href=\"https:\/\/bezpiecznefinanse.net\/index.php\/kredyty_hipoteczne\/\" \/>\n<meta property=\"og:locale\" content=\"pl_PL\" \/>\n<meta property=\"og:type\" content=\"article\" \/>\n<meta property=\"og:title\" content=\"Kredyty hipoteczne - Bezpieczne Finanse\" \/>\n<meta property=\"og:description\" content=\"Decyzja dotycz\u0105ca d\u0142ugoterminowego kredytu hipotecznego jest jedn\u0105 z wa\u017cniejszych, kt\u00f3re podejmujemy w \u017cyciu. Warto przej\u015b\u0107 przez ten proces z kompetentnym doradc\u0105, osob\u0105, kt\u00f3ra b\u0119dzie kierowa\u0142a si\u0119 Twoim interesem \u2013 ze mn\u0105!\" \/>\n<meta property=\"og:url\" content=\"https:\/\/bezpiecznefinanse.net\/index.php\/kredyty_hipoteczne\/\" \/>\n<meta property=\"og:site_name\" content=\"Bezpieczne Finanse\" \/>\n<meta property=\"article:publisher\" content=\"https:\/\/www.facebook.com\/profile.php?id=100076367980298\" \/>\n<meta property=\"article:modified_time\" content=\"2025-11-04T17:46:33+00:00\" \/>\n<meta name=\"twitter:card\" content=\"summary_large_image\" \/>\n<meta name=\"twitter:label1\" content=\"Szacowany czas czytania\" \/>\n\t<meta name=\"twitter:data1\" content=\"2 minuty\" \/>\n<script type=\"application\/ld+json\" class=\"yoast-schema-graph\">{\"@context\":\"https:\\\/\\\/schema.org\",\"@graph\":[{\"@type\":\"WebPage\",\"@id\":\"https:\\\/\\\/bezpiecznefinanse.net\\\/index.php\\\/kredyty_hipoteczne\\\/\",\"url\":\"https:\\\/\\\/bezpiecznefinanse.net\\\/index.php\\\/kredyty_hipoteczne\\\/\",\"name\":\"Kredyty hipoteczne - Bezpieczne Finanse\",\"isPartOf\":{\"@id\":\"https:\\\/\\\/bezpiecznefinanse.net\\\/#website\"},\"datePublished\":\"2025-10-30T09:41:36+00:00\",\"dateModified\":\"2025-11-04T17:46:33+00:00\",\"description\":\"Decyzja dotycz\u0105ca d\u0142ugoterminowego kredytu hipotecznego jest jedn\u0105 z wa\u017cniejszych, kt\u00f3re podejmujemy w \u017cyciu. Warto przej\u015b\u0107 przez ten proces z kompetentnym doradc\u0105, osob\u0105, kt\u00f3ra b\u0119dzie kierowa\u0142a si\u0119 Twoim interesem \u2013 ze mn\u0105!\",\"breadcrumb\":{\"@id\":\"https:\\\/\\\/bezpiecznefinanse.net\\\/index.php\\\/kredyty_hipoteczne\\\/#breadcrumb\"},\"inLanguage\":\"pl-PL\",\"potentialAction\":[{\"@type\":\"ReadAction\",\"target\":[\"https:\\\/\\\/bezpiecznefinanse.net\\\/index.php\\\/kredyty_hipoteczne\\\/\"]}]},{\"@type\":\"BreadcrumbList\",\"@id\":\"https:\\\/\\\/bezpiecznefinanse.net\\\/index.php\\\/kredyty_hipoteczne\\\/#breadcrumb\",\"itemListElement\":[{\"@type\":\"ListItem\",\"position\":1,\"name\":\"Strona g\u0142\u00f3wna\",\"item\":\"https:\\\/\\\/bezpiecznefinanse.net\\\/\"},{\"@type\":\"ListItem\",\"position\":2,\"name\":\"Kredyty hipoteczne\"}]},{\"@type\":\"WebSite\",\"@id\":\"https:\\\/\\\/bezpiecznefinanse.net\\\/#website\",\"url\":\"https:\\\/\\\/bezpiecznefinanse.net\\\/\",\"name\":\"Bezpieczne Finanse Kamil Adamski\",\"description\":\"\",\"publisher\":{\"@id\":\"https:\\\/\\\/bezpiecznefinanse.net\\\/#\\\/schema\\\/person\\\/9062fecb473c749b50061a431388cee0\"},\"potentialAction\":[{\"@type\":\"SearchAction\",\"target\":{\"@type\":\"EntryPoint\",\"urlTemplate\":\"https:\\\/\\\/bezpiecznefinanse.net\\\/?s={search_term_string}\"},\"query-input\":{\"@type\":\"PropertyValueSpecification\",\"valueRequired\":true,\"valueName\":\"search_term_string\"}}],\"inLanguage\":\"pl-PL\"},{\"@type\":[\"Person\",\"Organization\"],\"@id\":\"https:\\\/\\\/bezpiecznefinanse.net\\\/#\\\/schema\\\/person\\\/9062fecb473c749b50061a431388cee0\",\"name\":\"Kamil Adamski\",\"image\":{\"@type\":\"ImageObject\",\"inLanguage\":\"pl-PL\",\"@id\":\"https:\\\/\\\/bezpiecznefinanse.net\\\/wp-content\\\/uploads\\\/2025\\\/10\\\/logo-BF.jpg\",\"url\":\"https:\\\/\\\/bezpiecznefinanse.net\\\/wp-content\\\/uploads\\\/2025\\\/10\\\/logo-BF.jpg\",\"contentUrl\":\"https:\\\/\\\/bezpiecznefinanse.net\\\/wp-content\\\/uploads\\\/2025\\\/10\\\/logo-BF.jpg\",\"width\":785,\"height\":442,\"caption\":\"Kamil Adamski\"},\"logo\":{\"@id\":\"https:\\\/\\\/bezpiecznefinanse.net\\\/wp-content\\\/uploads\\\/2025\\\/10\\\/logo-BF.jpg\"},\"sameAs\":[\"http:\\\/\\\/bezpiecznefinanse.net\",\"https:\\\/\\\/www.facebook.com\\\/profile.php?id=100076367980298\"]}]}<\/script>\n<!-- \/ Yoast SEO plugin. -->","yoast_head_json":{"title":"Kredyty hipoteczne - Bezpieczne Finanse","description":"Decyzja dotycz\u0105ca d\u0142ugoterminowego kredytu hipotecznego jest jedn\u0105 z wa\u017cniejszych, kt\u00f3re podejmujemy w \u017cyciu. Warto przej\u015b\u0107 przez ten proces z kompetentnym doradc\u0105, osob\u0105, kt\u00f3ra b\u0119dzie kierowa\u0142a si\u0119 Twoim interesem \u2013 ze mn\u0105!","robots":{"index":"index","follow":"follow","max-snippet":"max-snippet:-1","max-image-preview":"max-image-preview:large","max-video-preview":"max-video-preview:-1"},"canonical":"https:\/\/bezpiecznefinanse.net\/index.php\/kredyty_hipoteczne\/","og_locale":"pl_PL","og_type":"article","og_title":"Kredyty hipoteczne - Bezpieczne Finanse","og_description":"Decyzja dotycz\u0105ca d\u0142ugoterminowego kredytu hipotecznego jest jedn\u0105 z wa\u017cniejszych, kt\u00f3re podejmujemy w \u017cyciu. Warto przej\u015b\u0107 przez ten proces z kompetentnym doradc\u0105, osob\u0105, kt\u00f3ra b\u0119dzie kierowa\u0142a si\u0119 Twoim interesem \u2013 ze mn\u0105!","og_url":"https:\/\/bezpiecznefinanse.net\/index.php\/kredyty_hipoteczne\/","og_site_name":"Bezpieczne Finanse","article_publisher":"https:\/\/www.facebook.com\/profile.php?id=100076367980298","article_modified_time":"2025-11-04T17:46:33+00:00","twitter_card":"summary_large_image","twitter_misc":{"Szacowany czas czytania":"2 minuty"},"schema":{"@context":"https:\/\/schema.org","@graph":[{"@type":"WebPage","@id":"https:\/\/bezpiecznefinanse.net\/index.php\/kredyty_hipoteczne\/","url":"https:\/\/bezpiecznefinanse.net\/index.php\/kredyty_hipoteczne\/","name":"Kredyty hipoteczne - Bezpieczne Finanse","isPartOf":{"@id":"https:\/\/bezpiecznefinanse.net\/#website"},"datePublished":"2025-10-30T09:41:36+00:00","dateModified":"2025-11-04T17:46:33+00:00","description":"Decyzja dotycz\u0105ca d\u0142ugoterminowego kredytu hipotecznego jest jedn\u0105 z wa\u017cniejszych, kt\u00f3re podejmujemy w \u017cyciu. Warto przej\u015b\u0107 przez ten proces z kompetentnym doradc\u0105, osob\u0105, kt\u00f3ra b\u0119dzie kierowa\u0142a si\u0119 Twoim interesem \u2013 ze mn\u0105!","breadcrumb":{"@id":"https:\/\/bezpiecznefinanse.net\/index.php\/kredyty_hipoteczne\/#breadcrumb"},"inLanguage":"pl-PL","potentialAction":[{"@type":"ReadAction","target":["https:\/\/bezpiecznefinanse.net\/index.php\/kredyty_hipoteczne\/"]}]},{"@type":"BreadcrumbList","@id":"https:\/\/bezpiecznefinanse.net\/index.php\/kredyty_hipoteczne\/#breadcrumb","itemListElement":[{"@type":"ListItem","position":1,"name":"Strona g\u0142\u00f3wna","item":"https:\/\/bezpiecznefinanse.net\/"},{"@type":"ListItem","position":2,"name":"Kredyty hipoteczne"}]},{"@type":"WebSite","@id":"https:\/\/bezpiecznefinanse.net\/#website","url":"https:\/\/bezpiecznefinanse.net\/","name":"Bezpieczne Finanse Kamil Adamski","description":"","publisher":{"@id":"https:\/\/bezpiecznefinanse.net\/#\/schema\/person\/9062fecb473c749b50061a431388cee0"},"potentialAction":[{"@type":"SearchAction","target":{"@type":"EntryPoint","urlTemplate":"https:\/\/bezpiecznefinanse.net\/?s={search_term_string}"},"query-input":{"@type":"PropertyValueSpecification","valueRequired":true,"valueName":"search_term_string"}}],"inLanguage":"pl-PL"},{"@type":["Person","Organization"],"@id":"https:\/\/bezpiecznefinanse.net\/#\/schema\/person\/9062fecb473c749b50061a431388cee0","name":"Kamil Adamski","image":{"@type":"ImageObject","inLanguage":"pl-PL","@id":"https:\/\/bezpiecznefinanse.net\/wp-content\/uploads\/2025\/10\/logo-BF.jpg","url":"https:\/\/bezpiecznefinanse.net\/wp-content\/uploads\/2025\/10\/logo-BF.jpg","contentUrl":"https:\/\/bezpiecznefinanse.net\/wp-content\/uploads\/2025\/10\/logo-BF.jpg","width":785,"height":442,"caption":"Kamil Adamski"},"logo":{"@id":"https:\/\/bezpiecznefinanse.net\/wp-content\/uploads\/2025\/10\/logo-BF.jpg"},"sameAs":["http:\/\/bezpiecznefinanse.net","https:\/\/www.facebook.com\/profile.php?id=100076367980298"]}]}},"_links":{"self":[{"href":"https:\/\/bezpiecznefinanse.net\/index.php\/wp-json\/wp\/v2\/pages\/963","targetHints":{"allow":["GET"]}}],"collection":[{"href":"https:\/\/bezpiecznefinanse.net\/index.php\/wp-json\/wp\/v2\/pages"}],"about":[{"href":"https:\/\/bezpiecznefinanse.net\/index.php\/wp-json\/wp\/v2\/types\/page"}],"author":[{"embeddable":true,"href":"https:\/\/bezpiecznefinanse.net\/index.php\/wp-json\/wp\/v2\/users\/1"}],"replies":[{"embeddable":true,"href":"https:\/\/bezpiecznefinanse.net\/index.php\/wp-json\/wp\/v2\/comments?post=963"}],"version-history":[{"count":6,"href":"https:\/\/bezpiecznefinanse.net\/index.php\/wp-json\/wp\/v2\/pages\/963\/revisions"}],"predecessor-version":[{"id":1069,"href":"https:\/\/bezpiecznefinanse.net\/index.php\/wp-json\/wp\/v2\/pages\/963\/revisions\/1069"}],"wp:attachment":[{"href":"https:\/\/bezpiecznefinanse.net\/index.php\/wp-json\/wp\/v2\/media?parent=963"}],"curies":[{"name":"wp","href":"https:\/\/api.w.org\/{rel}","templated":true}]}}