{"id":965,"date":"2025-10-30T10:42:42","date_gmt":"2025-10-30T09:42:42","guid":{"rendered":"https:\/\/bezpiecznefinanse.net\/?page_id=965"},"modified":"2025-11-04T18:48:09","modified_gmt":"2025-11-04T17:48:09","slug":"kredyty_firmowe","status":"publish","type":"page","link":"https:\/\/bezpiecznefinanse.net\/index.php\/kredyty_firmowe\/","title":{"rendered":"Kredyty firmowe"},"content":{"rendered":"\n<div class=\"wp-block-stackable-columns stk-block-columns stk-block stk-c2cb0bc\" data-block-id=\"c2cb0bc\"><div class=\"stk-row stk-inner-blocks stk-block-content stk-content-align stk-c2cb0bc-column\">\n<div class=\"wp-block-stackable-column stk-block-column stk-column stk-block stk-35c2d53\" data-v=\"4\" data-block-id=\"35c2d53\"><div class=\"stk-column-wrapper stk-block-column__content stk-container stk-35c2d53-container stk--no-background stk--no-padding\"><div class=\"stk-block-content stk-inner-blocks stk-35c2d53-inner-blocks\">\n<p><strong>Kredyty firmowe<\/strong><br><br>Od 13 lat pomagam przedsi\u0119biorcom skutecznie pozyskiwa\u0107 finansowanie dopasowane do ich potrzeb i mo\u017cliwo\u015bci. Dzi\u0119ki bogatej ofercie wszystkich najwa\u017cniejszych bank\u00f3w w jednym miejscu oraz partnerskiej wsp\u00f3\u0142pracy z instytucjami finansowymi, jestem w stanie znale\u017a\u0107 rozwi\u0105zanie nawet w najbardziej wymagaj\u0105cych sytuacjach.<\/p>\n\n\n\n<p>Moje kredyty firmowe to:<\/p>\n\n\n\n<ul class=\"wp-block-list\">\n<li>Okres kredytowania do 120 miesi\u0119cy \u2013 elastyczne warunki sp\u0142aty dopasowane do charakteru Twojego biznesu,<\/li>\n\n\n\n<li>Kwota finansowania do 1 000 000 z\u0142 \u2013 wsparcie zar\u00f3wno dla mikrofirm, jak i rozwijaj\u0105cych si\u0119 przedsi\u0119biorstw,<\/li>\n\n\n\n<li>Oprocentowanie ju\u017c od 7% \u2013 konkurencyjne stawki dzi\u0119ki wsp\u00f3\u0142pracy z wieloma bankami,<\/li>\n\n\n\n<li>Produkty bez dokument\u00f3w finansowych \u2013 minimum formalno\u015bci, maksimum wygody.<\/li>\n<\/ul>\n\n\n\n<p>Stawiam na rzetelno\u015b\u0107, skuteczno\u015b\u0107 i indywidualne podej\u015bcie. Moim celem jest nie tylko znalezienie kredytu, ale przede wszystkim dobranie najlepszego rozwi\u0105zania dla Twojej firmy, tak by finansowanie sta\u0142o si\u0119 realnym wsparciem w rozwoju biznesu.<\/p>\n\n\n\n<p>Ze mn\u0105 masz oferty wszystkich bank\u00f3w w jednym miejscu \u2013 por\u00f3wnuj\u0119, doradzam i pomagam wybra\u0107 najkorzystniejsz\u0105 opcj\u0119.<\/p>\n\n\n\n<p>Skontaktuj si\u0119 ze mn\u0105 i przekonaj si\u0119, \u017ce uzyskanie kredytu dla firmy mo\u017ce by\u0107 szybkie, proste i bezpieczne.<\/p>\n<\/div><\/div><\/div>\n<\/div><\/div>\n\n\n\n<p><\/p>\n","protected":false},"excerpt":{"rendered":"<p>Kredyty firmowe Od 13 lat pomagam przedsi\u0119biorcom skutecznie pozyskiwa\u0107 finansowanie dopasowane do ich potrzeb i mo\u017cliwo\u015bci. Dzi\u0119ki bogatej ofercie wszystkich najwa\u017cniejszych bank\u00f3w w jednym miejscu oraz partnerskiej wsp\u00f3\u0142pracy z instytucjami finansowymi, jestem w stanie znale\u017a\u0107 rozwi\u0105zanie nawet w najbardziej wymagaj\u0105cych sytuacjach. Moje kredyty firmowe to: Stawiam na rzetelno\u015b\u0107, skuteczno\u015b\u0107 i indywidualne podej\u015bcie. Moim celem jest [&hellip;]<\/p>\n","protected":false},"author":1,"featured_media":0,"parent":0,"menu_order":0,"comment_status":"closed","ping_status":"closed","template":"","meta":{"footnotes":""},"class_list":["post-965","page","type-page","status-publish","hentry"],"blocksy_meta":[],"yoast_head":"<!-- This site is optimized with the Yoast SEO plugin v27.3 - https:\/\/yoast.com\/product\/yoast-seo-wordpress\/ -->\n<title>Kredyty firmowe - Bezpieczne Finanse<\/title>\n<meta name=\"description\" content=\"Od 13 lat pomagam przedsi\u0119biorcom skutecznie pozyskiwa\u0107 finansowanie dopasowane do ich potrzeb i mo\u017cliwo\u015bci. Dzi\u0119ki bogatej ofercie wszystkich najwa\u017cniejszych bank\u00f3w w jednym miejscu oraz partnerskiej wsp\u00f3\u0142pracy z instytucjami finansowymi, jestem w stanie znale\u017a\u0107 rozwi\u0105zanie nawet w najbardziej wymagaj\u0105cych sytuacjach.\" \/>\n<meta name=\"robots\" content=\"index, follow, max-snippet:-1, max-image-preview:large, max-video-preview:-1\" \/>\n<link rel=\"canonical\" href=\"https:\/\/bezpiecznefinanse.net\/index.php\/kredyty_firmowe\/\" \/>\n<meta property=\"og:locale\" content=\"pl_PL\" \/>\n<meta property=\"og:type\" content=\"article\" \/>\n<meta property=\"og:title\" content=\"Kredyty firmowe - Bezpieczne Finanse\" \/>\n<meta property=\"og:description\" content=\"Od 13 lat pomagam przedsi\u0119biorcom skutecznie pozyskiwa\u0107 finansowanie dopasowane do ich potrzeb i mo\u017cliwo\u015bci. Dzi\u0119ki bogatej ofercie wszystkich najwa\u017cniejszych bank\u00f3w w jednym miejscu oraz partnerskiej wsp\u00f3\u0142pracy z instytucjami finansowymi, jestem w stanie znale\u017a\u0107 rozwi\u0105zanie nawet w najbardziej wymagaj\u0105cych sytuacjach.\" \/>\n<meta property=\"og:url\" content=\"https:\/\/bezpiecznefinanse.net\/index.php\/kredyty_firmowe\/\" \/>\n<meta property=\"og:site_name\" content=\"Bezpieczne Finanse\" \/>\n<meta property=\"article:publisher\" content=\"https:\/\/www.facebook.com\/profile.php?id=100076367980298\" \/>\n<meta property=\"article:modified_time\" content=\"2025-11-04T17:48:09+00:00\" \/>\n<meta name=\"twitter:card\" content=\"summary_large_image\" \/>\n<meta name=\"twitter:label1\" content=\"Szacowany czas czytania\" \/>\n\t<meta name=\"twitter:data1\" content=\"1 minuta\" \/>\n<script type=\"application\/ld+json\" class=\"yoast-schema-graph\">{\"@context\":\"https:\\\/\\\/schema.org\",\"@graph\":[{\"@type\":\"WebPage\",\"@id\":\"https:\\\/\\\/bezpiecznefinanse.net\\\/index.php\\\/kredyty_firmowe\\\/\",\"url\":\"https:\\\/\\\/bezpiecznefinanse.net\\\/index.php\\\/kredyty_firmowe\\\/\",\"name\":\"Kredyty firmowe - Bezpieczne Finanse\",\"isPartOf\":{\"@id\":\"https:\\\/\\\/bezpiecznefinanse.net\\\/#website\"},\"datePublished\":\"2025-10-30T09:42:42+00:00\",\"dateModified\":\"2025-11-04T17:48:09+00:00\",\"description\":\"Od 13 lat pomagam przedsi\u0119biorcom skutecznie pozyskiwa\u0107 finansowanie dopasowane do ich potrzeb i mo\u017cliwo\u015bci. Dzi\u0119ki bogatej ofercie wszystkich najwa\u017cniejszych bank\u00f3w w jednym miejscu oraz partnerskiej wsp\u00f3\u0142pracy z instytucjami finansowymi, jestem w stanie znale\u017a\u0107 rozwi\u0105zanie nawet w najbardziej wymagaj\u0105cych sytuacjach.\",\"breadcrumb\":{\"@id\":\"https:\\\/\\\/bezpiecznefinanse.net\\\/index.php\\\/kredyty_firmowe\\\/#breadcrumb\"},\"inLanguage\":\"pl-PL\",\"potentialAction\":[{\"@type\":\"ReadAction\",\"target\":[\"https:\\\/\\\/bezpiecznefinanse.net\\\/index.php\\\/kredyty_firmowe\\\/\"]}]},{\"@type\":\"BreadcrumbList\",\"@id\":\"https:\\\/\\\/bezpiecznefinanse.net\\\/index.php\\\/kredyty_firmowe\\\/#breadcrumb\",\"itemListElement\":[{\"@type\":\"ListItem\",\"position\":1,\"name\":\"Strona g\u0142\u00f3wna\",\"item\":\"https:\\\/\\\/bezpiecznefinanse.net\\\/\"},{\"@type\":\"ListItem\",\"position\":2,\"name\":\"Kredyty firmowe\"}]},{\"@type\":\"WebSite\",\"@id\":\"https:\\\/\\\/bezpiecznefinanse.net\\\/#website\",\"url\":\"https:\\\/\\\/bezpiecznefinanse.net\\\/\",\"name\":\"Bezpieczne Finanse Kamil Adamski\",\"description\":\"\",\"publisher\":{\"@id\":\"https:\\\/\\\/bezpiecznefinanse.net\\\/#\\\/schema\\\/person\\\/9062fecb473c749b50061a431388cee0\"},\"potentialAction\":[{\"@type\":\"SearchAction\",\"target\":{\"@type\":\"EntryPoint\",\"urlTemplate\":\"https:\\\/\\\/bezpiecznefinanse.net\\\/?s={search_term_string}\"},\"query-input\":{\"@type\":\"PropertyValueSpecification\",\"valueRequired\":true,\"valueName\":\"search_term_string\"}}],\"inLanguage\":\"pl-PL\"},{\"@type\":[\"Person\",\"Organization\"],\"@id\":\"https:\\\/\\\/bezpiecznefinanse.net\\\/#\\\/schema\\\/person\\\/9062fecb473c749b50061a431388cee0\",\"name\":\"Kamil Adamski\",\"image\":{\"@type\":\"ImageObject\",\"inLanguage\":\"pl-PL\",\"@id\":\"https:\\\/\\\/bezpiecznefinanse.net\\\/wp-content\\\/uploads\\\/2025\\\/10\\\/logo-BF.jpg\",\"url\":\"https:\\\/\\\/bezpiecznefinanse.net\\\/wp-content\\\/uploads\\\/2025\\\/10\\\/logo-BF.jpg\",\"contentUrl\":\"https:\\\/\\\/bezpiecznefinanse.net\\\/wp-content\\\/uploads\\\/2025\\\/10\\\/logo-BF.jpg\",\"width\":785,\"height\":442,\"caption\":\"Kamil Adamski\"},\"logo\":{\"@id\":\"https:\\\/\\\/bezpiecznefinanse.net\\\/wp-content\\\/uploads\\\/2025\\\/10\\\/logo-BF.jpg\"},\"sameAs\":[\"http:\\\/\\\/bezpiecznefinanse.net\",\"https:\\\/\\\/www.facebook.com\\\/profile.php?id=100076367980298\"]}]}<\/script>\n<!-- \/ Yoast SEO plugin. -->","yoast_head_json":{"title":"Kredyty firmowe - Bezpieczne Finanse","description":"Od 13 lat pomagam przedsi\u0119biorcom skutecznie pozyskiwa\u0107 finansowanie dopasowane do ich potrzeb i mo\u017cliwo\u015bci. Dzi\u0119ki bogatej ofercie wszystkich najwa\u017cniejszych bank\u00f3w w jednym miejscu oraz partnerskiej wsp\u00f3\u0142pracy z instytucjami finansowymi, jestem w stanie znale\u017a\u0107 rozwi\u0105zanie nawet w najbardziej wymagaj\u0105cych sytuacjach.","robots":{"index":"index","follow":"follow","max-snippet":"max-snippet:-1","max-image-preview":"max-image-preview:large","max-video-preview":"max-video-preview:-1"},"canonical":"https:\/\/bezpiecznefinanse.net\/index.php\/kredyty_firmowe\/","og_locale":"pl_PL","og_type":"article","og_title":"Kredyty firmowe - Bezpieczne Finanse","og_description":"Od 13 lat pomagam przedsi\u0119biorcom skutecznie pozyskiwa\u0107 finansowanie dopasowane do ich potrzeb i mo\u017cliwo\u015bci. Dzi\u0119ki bogatej ofercie wszystkich najwa\u017cniejszych bank\u00f3w w jednym miejscu oraz partnerskiej wsp\u00f3\u0142pracy z instytucjami finansowymi, jestem w stanie znale\u017a\u0107 rozwi\u0105zanie nawet w najbardziej wymagaj\u0105cych sytuacjach.","og_url":"https:\/\/bezpiecznefinanse.net\/index.php\/kredyty_firmowe\/","og_site_name":"Bezpieczne Finanse","article_publisher":"https:\/\/www.facebook.com\/profile.php?id=100076367980298","article_modified_time":"2025-11-04T17:48:09+00:00","twitter_card":"summary_large_image","twitter_misc":{"Szacowany czas czytania":"1 minuta"},"schema":{"@context":"https:\/\/schema.org","@graph":[{"@type":"WebPage","@id":"https:\/\/bezpiecznefinanse.net\/index.php\/kredyty_firmowe\/","url":"https:\/\/bezpiecznefinanse.net\/index.php\/kredyty_firmowe\/","name":"Kredyty firmowe - Bezpieczne Finanse","isPartOf":{"@id":"https:\/\/bezpiecznefinanse.net\/#website"},"datePublished":"2025-10-30T09:42:42+00:00","dateModified":"2025-11-04T17:48:09+00:00","description":"Od 13 lat pomagam przedsi\u0119biorcom skutecznie pozyskiwa\u0107 finansowanie dopasowane do ich potrzeb i mo\u017cliwo\u015bci. Dzi\u0119ki bogatej ofercie wszystkich najwa\u017cniejszych bank\u00f3w w jednym miejscu oraz partnerskiej wsp\u00f3\u0142pracy z instytucjami finansowymi, jestem w stanie znale\u017a\u0107 rozwi\u0105zanie nawet w najbardziej wymagaj\u0105cych sytuacjach.","breadcrumb":{"@id":"https:\/\/bezpiecznefinanse.net\/index.php\/kredyty_firmowe\/#breadcrumb"},"inLanguage":"pl-PL","potentialAction":[{"@type":"ReadAction","target":["https:\/\/bezpiecznefinanse.net\/index.php\/kredyty_firmowe\/"]}]},{"@type":"BreadcrumbList","@id":"https:\/\/bezpiecznefinanse.net\/index.php\/kredyty_firmowe\/#breadcrumb","itemListElement":[{"@type":"ListItem","position":1,"name":"Strona g\u0142\u00f3wna","item":"https:\/\/bezpiecznefinanse.net\/"},{"@type":"ListItem","position":2,"name":"Kredyty firmowe"}]},{"@type":"WebSite","@id":"https:\/\/bezpiecznefinanse.net\/#website","url":"https:\/\/bezpiecznefinanse.net\/","name":"Bezpieczne Finanse Kamil Adamski","description":"","publisher":{"@id":"https:\/\/bezpiecznefinanse.net\/#\/schema\/person\/9062fecb473c749b50061a431388cee0"},"potentialAction":[{"@type":"SearchAction","target":{"@type":"EntryPoint","urlTemplate":"https:\/\/bezpiecznefinanse.net\/?s={search_term_string}"},"query-input":{"@type":"PropertyValueSpecification","valueRequired":true,"valueName":"search_term_string"}}],"inLanguage":"pl-PL"},{"@type":["Person","Organization"],"@id":"https:\/\/bezpiecznefinanse.net\/#\/schema\/person\/9062fecb473c749b50061a431388cee0","name":"Kamil Adamski","image":{"@type":"ImageObject","inLanguage":"pl-PL","@id":"https:\/\/bezpiecznefinanse.net\/wp-content\/uploads\/2025\/10\/logo-BF.jpg","url":"https:\/\/bezpiecznefinanse.net\/wp-content\/uploads\/2025\/10\/logo-BF.jpg","contentUrl":"https:\/\/bezpiecznefinanse.net\/wp-content\/uploads\/2025\/10\/logo-BF.jpg","width":785,"height":442,"caption":"Kamil Adamski"},"logo":{"@id":"https:\/\/bezpiecznefinanse.net\/wp-content\/uploads\/2025\/10\/logo-BF.jpg"},"sameAs":["http:\/\/bezpiecznefinanse.net","https:\/\/www.facebook.com\/profile.php?id=100076367980298"]}]}},"_links":{"self":[{"href":"https:\/\/bezpiecznefinanse.net\/index.php\/wp-json\/wp\/v2\/pages\/965","targetHints":{"allow":["GET"]}}],"collection":[{"href":"https:\/\/bezpiecznefinanse.net\/index.php\/wp-json\/wp\/v2\/pages"}],"about":[{"href":"https:\/\/bezpiecznefinanse.net\/index.php\/wp-json\/wp\/v2\/types\/page"}],"author":[{"embeddable":true,"href":"https:\/\/bezpiecznefinanse.net\/index.php\/wp-json\/wp\/v2\/users\/1"}],"replies":[{"embeddable":true,"href":"https:\/\/bezpiecznefinanse.net\/index.php\/wp-json\/wp\/v2\/comments?post=965"}],"version-history":[{"count":3,"href":"https:\/\/bezpiecznefinanse.net\/index.php\/wp-json\/wp\/v2\/pages\/965\/revisions"}],"predecessor-version":[{"id":1054,"href":"https:\/\/bezpiecznefinanse.net\/index.php\/wp-json\/wp\/v2\/pages\/965\/revisions\/1054"}],"wp:attachment":[{"href":"https:\/\/bezpiecznefinanse.net\/index.php\/wp-json\/wp\/v2\/media?parent=965"}],"curies":[{"name":"wp","href":"https:\/\/api.w.org\/{rel}","templated":true}]}}