{"id":967,"date":"2025-10-30T10:43:37","date_gmt":"2025-10-30T09:43:37","guid":{"rendered":"https:\/\/bezpiecznefinanse.net\/?page_id=967"},"modified":"2025-11-04T18:47:18","modified_gmt":"2025-11-04T17:47:18","slug":"kredyty_gotowkowe","status":"publish","type":"page","link":"https:\/\/bezpiecznefinanse.net\/index.php\/kredyty_gotowkowe\/","title":{"rendered":"Kredyty got\u00f3wkowe"},"content":{"rendered":"\n<div class=\"wp-block-stackable-columns stk-block-columns stk-block stk-c2cb0bc\" data-block-id=\"c2cb0bc\"><div class=\"stk-row stk-inner-blocks stk-block-content stk-content-align stk-c2cb0bc-column\">\n<div class=\"wp-block-stackable-column stk-block-column stk-column stk-block stk-35c2d53\" data-v=\"4\" data-block-id=\"35c2d53\"><div class=\"stk-column-wrapper stk-block-column__content stk-container stk-35c2d53-container stk--no-background stk--no-padding\"><div class=\"stk-block-content stk-inner-blocks stk-35c2d53-inner-blocks\">\n<p><strong>Kredyty got\u00f3wkowe<\/strong><br><br>Kredyt got\u00f3wkowy dopasowany do Twoich potrzeb<\/p>\n\n\n\n<p>Szukasz szybkiego i bezpiecznego sposobu na realizacj\u0119 swoich plan\u00f3w? Niezale\u017cnie od tego, czy chcesz sfinansowa\u0107 remont, zakup samochodu, wakacje czy dowolny inny cel \u2013 pomog\u0119 Ci znale\u017a\u0107 najlepszy kredyt dopasowany do Twoich mo\u017cliwo\u015bci.<\/p>\n\n\n\n<p>A mo\u017ce, chcesz zamieni\u0107 sw\u00f3j obecny kredyt na co\u015b ta\u0144szego?<\/p>\n\n\n\n<p>Dzi\u0119ki 13-letniemu do\u015bwiadczeniu w bran\u017cy finansowej oraz ofertom wszystkich najwa\u017cniejszych bank\u00f3w w jednym miejscu, mog\u0119 zaproponowa\u0107 rozwi\u0105zanie, kt\u00f3re naprawd\u0119 dzia\u0142a \u2013 bez stresu i zb\u0119dnych formalno\u015bci.<\/p>\n\n\n\n<p><\/p>\n\n\n\n<ul class=\"wp-block-list\">\n<li>Okres kredytowania do 120 miesi\u0119cy \u2013 elastyczne warunki sp\u0142aty dopasowane do Ciebie,<\/li>\n\n\n\n<li>Kwota do 300 000 z\u0142 \u2013 finansowanie na dowolny cel,<\/li>\n\n\n\n<li>Oprocentowanie od 8%,<\/li>\n\n\n\n<li>Konsolidacja obecnych kredyt\u00f3w na ta\u0144sze i przyjemniejsze w obs\u0142udze produkty!<\/li>\n\n\n\n<li>Decyzja kredytowa nawet w 20 minut!<\/li>\n<\/ul>\n\n\n\n<p>Pomagam por\u00f3wna\u0107 oferty wielu bank\u00f3w, wybra\u0107 najkorzystniejsz\u0105 opcj\u0119 i przej\u015b\u0107 ca\u0142y proces krok po kroku \u2013 szybko, bezpiecznie i z pe\u0142nym wsparciem na ka\u017cdym etapie.<\/p>\n<\/div><\/div><\/div>\n<\/div><\/div>\n\n\n\n<p><\/p>\n","protected":false},"excerpt":{"rendered":"<p>Kredyty got\u00f3wkowe Kredyt got\u00f3wkowy dopasowany do Twoich potrzeb Szukasz szybkiego i bezpiecznego sposobu na realizacj\u0119 swoich plan\u00f3w? Niezale\u017cnie od tego, czy chcesz sfinansowa\u0107 remont, zakup samochodu, wakacje czy dowolny inny cel \u2013 pomog\u0119 Ci znale\u017a\u0107 najlepszy kredyt dopasowany do Twoich mo\u017cliwo\u015bci. A mo\u017ce, chcesz zamieni\u0107 sw\u00f3j obecny kredyt na co\u015b ta\u0144szego? Dzi\u0119ki 13-letniemu do\u015bwiadczeniu w [&hellip;]<\/p>\n","protected":false},"author":1,"featured_media":0,"parent":0,"menu_order":0,"comment_status":"closed","ping_status":"closed","template":"","meta":{"footnotes":""},"class_list":["post-967","page","type-page","status-publish","hentry"],"blocksy_meta":[],"yoast_head":"<!-- This site is optimized with the Yoast SEO plugin v27.3 - https:\/\/yoast.com\/product\/yoast-seo-wordpress\/ -->\n<title>Kredyty got\u00f3wkowe - Bezpieczne Finanse<\/title>\n<meta name=\"description\" content=\"Kredyt got\u00f3wkowy dopasowany do Twoich potrzeb. Szukasz szybkiego i bezpiecznego sposobu na realizacj\u0119 swoich plan\u00f3w?\" \/>\n<meta name=\"robots\" content=\"index, follow, max-snippet:-1, max-image-preview:large, max-video-preview:-1\" \/>\n<link rel=\"canonical\" href=\"https:\/\/bezpiecznefinanse.net\/index.php\/kredyty_gotowkowe\/\" \/>\n<meta property=\"og:locale\" content=\"pl_PL\" \/>\n<meta property=\"og:type\" content=\"article\" \/>\n<meta property=\"og:title\" content=\"Kredyty got\u00f3wkowe - Bezpieczne Finanse\" \/>\n<meta property=\"og:description\" content=\"Kredyt got\u00f3wkowy dopasowany do Twoich potrzeb. Szukasz szybkiego i bezpiecznego sposobu na realizacj\u0119 swoich plan\u00f3w?\" \/>\n<meta property=\"og:url\" content=\"https:\/\/bezpiecznefinanse.net\/index.php\/kredyty_gotowkowe\/\" \/>\n<meta property=\"og:site_name\" content=\"Bezpieczne Finanse\" \/>\n<meta property=\"article:publisher\" content=\"https:\/\/www.facebook.com\/profile.php?id=100076367980298\" \/>\n<meta property=\"article:modified_time\" content=\"2025-11-04T17:47:18+00:00\" \/>\n<meta name=\"twitter:card\" content=\"summary_large_image\" \/>\n<meta name=\"twitter:label1\" content=\"Szacowany czas czytania\" \/>\n\t<meta name=\"twitter:data1\" content=\"1 minuta\" \/>\n<script type=\"application\/ld+json\" class=\"yoast-schema-graph\">{\"@context\":\"https:\\\/\\\/schema.org\",\"@graph\":[{\"@type\":\"WebPage\",\"@id\":\"https:\\\/\\\/bezpiecznefinanse.net\\\/index.php\\\/kredyty_gotowkowe\\\/\",\"url\":\"https:\\\/\\\/bezpiecznefinanse.net\\\/index.php\\\/kredyty_gotowkowe\\\/\",\"name\":\"Kredyty got\u00f3wkowe - Bezpieczne Finanse\",\"isPartOf\":{\"@id\":\"https:\\\/\\\/bezpiecznefinanse.net\\\/#website\"},\"datePublished\":\"2025-10-30T09:43:37+00:00\",\"dateModified\":\"2025-11-04T17:47:18+00:00\",\"description\":\"Kredyt got\u00f3wkowy dopasowany do Twoich potrzeb. Szukasz szybkiego i bezpiecznego sposobu na realizacj\u0119 swoich plan\u00f3w?\",\"breadcrumb\":{\"@id\":\"https:\\\/\\\/bezpiecznefinanse.net\\\/index.php\\\/kredyty_gotowkowe\\\/#breadcrumb\"},\"inLanguage\":\"pl-PL\",\"potentialAction\":[{\"@type\":\"ReadAction\",\"target\":[\"https:\\\/\\\/bezpiecznefinanse.net\\\/index.php\\\/kredyty_gotowkowe\\\/\"]}]},{\"@type\":\"BreadcrumbList\",\"@id\":\"https:\\\/\\\/bezpiecznefinanse.net\\\/index.php\\\/kredyty_gotowkowe\\\/#breadcrumb\",\"itemListElement\":[{\"@type\":\"ListItem\",\"position\":1,\"name\":\"Strona g\u0142\u00f3wna\",\"item\":\"https:\\\/\\\/bezpiecznefinanse.net\\\/\"},{\"@type\":\"ListItem\",\"position\":2,\"name\":\"Kredyty got\u00f3wkowe\"}]},{\"@type\":\"WebSite\",\"@id\":\"https:\\\/\\\/bezpiecznefinanse.net\\\/#website\",\"url\":\"https:\\\/\\\/bezpiecznefinanse.net\\\/\",\"name\":\"Bezpieczne Finanse Kamil Adamski\",\"description\":\"\",\"publisher\":{\"@id\":\"https:\\\/\\\/bezpiecznefinanse.net\\\/#\\\/schema\\\/person\\\/9062fecb473c749b50061a431388cee0\"},\"potentialAction\":[{\"@type\":\"SearchAction\",\"target\":{\"@type\":\"EntryPoint\",\"urlTemplate\":\"https:\\\/\\\/bezpiecznefinanse.net\\\/?s={search_term_string}\"},\"query-input\":{\"@type\":\"PropertyValueSpecification\",\"valueRequired\":true,\"valueName\":\"search_term_string\"}}],\"inLanguage\":\"pl-PL\"},{\"@type\":[\"Person\",\"Organization\"],\"@id\":\"https:\\\/\\\/bezpiecznefinanse.net\\\/#\\\/schema\\\/person\\\/9062fecb473c749b50061a431388cee0\",\"name\":\"Kamil Adamski\",\"image\":{\"@type\":\"ImageObject\",\"inLanguage\":\"pl-PL\",\"@id\":\"https:\\\/\\\/bezpiecznefinanse.net\\\/wp-content\\\/uploads\\\/2025\\\/10\\\/logo-BF.jpg\",\"url\":\"https:\\\/\\\/bezpiecznefinanse.net\\\/wp-content\\\/uploads\\\/2025\\\/10\\\/logo-BF.jpg\",\"contentUrl\":\"https:\\\/\\\/bezpiecznefinanse.net\\\/wp-content\\\/uploads\\\/2025\\\/10\\\/logo-BF.jpg\",\"width\":785,\"height\":442,\"caption\":\"Kamil Adamski\"},\"logo\":{\"@id\":\"https:\\\/\\\/bezpiecznefinanse.net\\\/wp-content\\\/uploads\\\/2025\\\/10\\\/logo-BF.jpg\"},\"sameAs\":[\"http:\\\/\\\/bezpiecznefinanse.net\",\"https:\\\/\\\/www.facebook.com\\\/profile.php?id=100076367980298\"]}]}<\/script>\n<!-- \/ Yoast SEO plugin. -->","yoast_head_json":{"title":"Kredyty got\u00f3wkowe - Bezpieczne Finanse","description":"Kredyt got\u00f3wkowy dopasowany do Twoich potrzeb. Szukasz szybkiego i bezpiecznego sposobu na realizacj\u0119 swoich plan\u00f3w?","robots":{"index":"index","follow":"follow","max-snippet":"max-snippet:-1","max-image-preview":"max-image-preview:large","max-video-preview":"max-video-preview:-1"},"canonical":"https:\/\/bezpiecznefinanse.net\/index.php\/kredyty_gotowkowe\/","og_locale":"pl_PL","og_type":"article","og_title":"Kredyty got\u00f3wkowe - Bezpieczne Finanse","og_description":"Kredyt got\u00f3wkowy dopasowany do Twoich potrzeb. Szukasz szybkiego i bezpiecznego sposobu na realizacj\u0119 swoich plan\u00f3w?","og_url":"https:\/\/bezpiecznefinanse.net\/index.php\/kredyty_gotowkowe\/","og_site_name":"Bezpieczne Finanse","article_publisher":"https:\/\/www.facebook.com\/profile.php?id=100076367980298","article_modified_time":"2025-11-04T17:47:18+00:00","twitter_card":"summary_large_image","twitter_misc":{"Szacowany czas czytania":"1 minuta"},"schema":{"@context":"https:\/\/schema.org","@graph":[{"@type":"WebPage","@id":"https:\/\/bezpiecznefinanse.net\/index.php\/kredyty_gotowkowe\/","url":"https:\/\/bezpiecznefinanse.net\/index.php\/kredyty_gotowkowe\/","name":"Kredyty got\u00f3wkowe - Bezpieczne Finanse","isPartOf":{"@id":"https:\/\/bezpiecznefinanse.net\/#website"},"datePublished":"2025-10-30T09:43:37+00:00","dateModified":"2025-11-04T17:47:18+00:00","description":"Kredyt got\u00f3wkowy dopasowany do Twoich potrzeb. Szukasz szybkiego i bezpiecznego sposobu na realizacj\u0119 swoich plan\u00f3w?","breadcrumb":{"@id":"https:\/\/bezpiecznefinanse.net\/index.php\/kredyty_gotowkowe\/#breadcrumb"},"inLanguage":"pl-PL","potentialAction":[{"@type":"ReadAction","target":["https:\/\/bezpiecznefinanse.net\/index.php\/kredyty_gotowkowe\/"]}]},{"@type":"BreadcrumbList","@id":"https:\/\/bezpiecznefinanse.net\/index.php\/kredyty_gotowkowe\/#breadcrumb","itemListElement":[{"@type":"ListItem","position":1,"name":"Strona g\u0142\u00f3wna","item":"https:\/\/bezpiecznefinanse.net\/"},{"@type":"ListItem","position":2,"name":"Kredyty got\u00f3wkowe"}]},{"@type":"WebSite","@id":"https:\/\/bezpiecznefinanse.net\/#website","url":"https:\/\/bezpiecznefinanse.net\/","name":"Bezpieczne Finanse Kamil Adamski","description":"","publisher":{"@id":"https:\/\/bezpiecznefinanse.net\/#\/schema\/person\/9062fecb473c749b50061a431388cee0"},"potentialAction":[{"@type":"SearchAction","target":{"@type":"EntryPoint","urlTemplate":"https:\/\/bezpiecznefinanse.net\/?s={search_term_string}"},"query-input":{"@type":"PropertyValueSpecification","valueRequired":true,"valueName":"search_term_string"}}],"inLanguage":"pl-PL"},{"@type":["Person","Organization"],"@id":"https:\/\/bezpiecznefinanse.net\/#\/schema\/person\/9062fecb473c749b50061a431388cee0","name":"Kamil Adamski","image":{"@type":"ImageObject","inLanguage":"pl-PL","@id":"https:\/\/bezpiecznefinanse.net\/wp-content\/uploads\/2025\/10\/logo-BF.jpg","url":"https:\/\/bezpiecznefinanse.net\/wp-content\/uploads\/2025\/10\/logo-BF.jpg","contentUrl":"https:\/\/bezpiecznefinanse.net\/wp-content\/uploads\/2025\/10\/logo-BF.jpg","width":785,"height":442,"caption":"Kamil Adamski"},"logo":{"@id":"https:\/\/bezpiecznefinanse.net\/wp-content\/uploads\/2025\/10\/logo-BF.jpg"},"sameAs":["http:\/\/bezpiecznefinanse.net","https:\/\/www.facebook.com\/profile.php?id=100076367980298"]}]}},"_links":{"self":[{"href":"https:\/\/bezpiecznefinanse.net\/index.php\/wp-json\/wp\/v2\/pages\/967","targetHints":{"allow":["GET"]}}],"collection":[{"href":"https:\/\/bezpiecznefinanse.net\/index.php\/wp-json\/wp\/v2\/pages"}],"about":[{"href":"https:\/\/bezpiecznefinanse.net\/index.php\/wp-json\/wp\/v2\/types\/page"}],"author":[{"embeddable":true,"href":"https:\/\/bezpiecznefinanse.net\/index.php\/wp-json\/wp\/v2\/users\/1"}],"replies":[{"embeddable":true,"href":"https:\/\/bezpiecznefinanse.net\/index.php\/wp-json\/wp\/v2\/comments?post=967"}],"version-history":[{"count":5,"href":"https:\/\/bezpiecznefinanse.net\/index.php\/wp-json\/wp\/v2\/pages\/967\/revisions"}],"predecessor-version":[{"id":1055,"href":"https:\/\/bezpiecznefinanse.net\/index.php\/wp-json\/wp\/v2\/pages\/967\/revisions\/1055"}],"wp:attachment":[{"href":"https:\/\/bezpiecznefinanse.net\/index.php\/wp-json\/wp\/v2\/media?parent=967"}],"curies":[{"name":"wp","href":"https:\/\/api.w.org\/{rel}","templated":true}]}}