{"id":974,"date":"2025-10-30T10:54:14","date_gmt":"2025-10-30T09:54:14","guid":{"rendered":"https:\/\/bezpiecznefinanse.net\/?page_id=974"},"modified":"2025-11-04T18:45:50","modified_gmt":"2025-11-04T17:45:50","slug":"produkty","status":"publish","type":"page","link":"https:\/\/bezpiecznefinanse.net\/index.php\/produkty\/","title":{"rendered":"Produkty"},"content":{"rendered":"\n<div class=\"wp-block-stackable-columns stk-block-columns stk-block stk-c2cb0bc\" data-block-id=\"c2cb0bc\"><div class=\"stk-row stk-inner-blocks stk-block-content stk-content-align stk-c2cb0bc-column\">\n<div class=\"wp-block-stackable-column stk-block-column stk-column stk-block stk-35c2d53\" data-v=\"4\" data-block-id=\"35c2d53\"><div class=\"stk-column-wrapper stk-block-column__content stk-container stk-35c2d53-container stk--no-background stk--no-padding\"><div class=\"stk-block-content stk-inner-blocks stk-35c2d53-inner-blocks\">\n<p><\/p>\n\n\n\n<div class=\"wp-block-stackable-button-group stk-block-button-group stk-block stk-7b83deb\" data-block-id=\"7b83deb\"><div class=\"stk-row stk-inner-blocks stk-block-content stk-button-group\">\n<div class=\"wp-block-stackable-button stk-block-button stk-block stk-dd229cc\" data-block-id=\"dd229cc\"><style>.stk-dd229cc .stk-button{background:var(--theme-palette-color-5, #927840) !important;}<\/style><a class=\"stk-link stk-button stk--hover-effect-darken\" href=\"https:\/\/bezpiecznefinanse.net\/index.php\/kredyty_hipoteczne\/\"><span class=\"stk-button__inner-text\">Kredyty hipoteczne<\/span><\/a><\/div>\n<\/div><\/div>\n\n\n\n<div class=\"wp-block-stackable-button-group stk-block-button-group stk-block stk-0a7ce9d\" data-block-id=\"0a7ce9d\"><div class=\"stk-row stk-inner-blocks stk-block-content stk-button-group\">\n<div class=\"wp-block-stackable-button stk-block-button stk-block stk-8e561bc\" data-block-id=\"8e561bc\"><style>.stk-8e561bc .stk-button{background:var(--theme-palette-color-5, #927840) !important;}<\/style><a class=\"stk-link stk-button stk--hover-effect-darken\" href=\"https:\/\/bezpiecznefinanse.net\/index.php\/kredyty_firmowe\/\"><span class=\"stk-button__inner-text\">Kredyty firmowe<\/span><\/a><\/div>\n<\/div><\/div>\n\n\n\n<div class=\"wp-block-stackable-button-group stk-block-button-group stk-block stk-5d9feaf\" data-block-id=\"5d9feaf\"><div class=\"stk-row stk-inner-blocks stk-block-content stk-button-group\">\n<div class=\"wp-block-stackable-button stk-block-button stk-block stk-c888078\" data-block-id=\"c888078\"><style>.stk-c888078 .stk-button{background:var(--theme-palette-color-5, #927840) !important;}<\/style><a class=\"stk-link stk-button stk--hover-effect-darken\" href=\"https:\/\/bezpiecznefinanse.net\/index.php\/kredyty_gotowkowe\/\"><span class=\"stk-button__inner-text\">Kredyty got\u00f3wkowe<\/span><\/a><\/div>\n<\/div><\/div>\n<\/div><\/div><\/div>\n<\/div><\/div>\n\n\n\n<p><\/p>\n","protected":false},"excerpt":{"rendered":"<p>Kredyty hipoteczne Kredyty firmowe Kredyty got\u00f3wkowe<\/p>\n","protected":false},"author":1,"featured_media":0,"parent":0,"menu_order":0,"comment_status":"closed","ping_status":"closed","template":"","meta":{"footnotes":""},"class_list":["post-974","page","type-page","status-publish","hentry"],"blocksy_meta":[],"yoast_head":"<!-- This site is optimized with the Yoast SEO plugin v27.3 - https:\/\/yoast.com\/product\/yoast-seo-wordpress\/ -->\n<title>Produkty - Bezpieczne Finanse<\/title>\n<meta name=\"description\" content=\"Prowadz\u0119 firm\u0119 Bezpieczne Finanse, kt\u00f3ra pomaga klientom przej\u015b\u0107 przez ka\u017cdy rodzaj procesu kredytowego: kredyt hipoteczny, kredyt firmowy, kredyt got\u00f3wkowy.\" \/>\n<meta name=\"robots\" content=\"index, follow, max-snippet:-1, max-image-preview:large, max-video-preview:-1\" \/>\n<link rel=\"canonical\" href=\"https:\/\/bezpiecznefinanse.net\/index.php\/produkty\/\" \/>\n<meta property=\"og:locale\" content=\"pl_PL\" \/>\n<meta property=\"og:type\" content=\"article\" \/>\n<meta property=\"og:title\" content=\"Produkty - Bezpieczne Finanse\" \/>\n<meta property=\"og:description\" content=\"Prowadz\u0119 firm\u0119 Bezpieczne Finanse, kt\u00f3ra pomaga klientom przej\u015b\u0107 przez ka\u017cdy rodzaj procesu kredytowego: kredyt hipoteczny, kredyt firmowy, kredyt got\u00f3wkowy.\" \/>\n<meta property=\"og:url\" content=\"https:\/\/bezpiecznefinanse.net\/index.php\/produkty\/\" \/>\n<meta property=\"og:site_name\" content=\"Bezpieczne Finanse\" \/>\n<meta property=\"article:publisher\" content=\"https:\/\/www.facebook.com\/profile.php?id=100076367980298\" \/>\n<meta property=\"article:modified_time\" content=\"2025-11-04T17:45:50+00:00\" \/>\n<meta name=\"twitter:card\" content=\"summary_large_image\" \/>\n<meta name=\"twitter:label1\" content=\"Szacowany czas czytania\" \/>\n\t<meta name=\"twitter:data1\" content=\"1 minuta\" \/>\n<script type=\"application\/ld+json\" class=\"yoast-schema-graph\">{\"@context\":\"https:\\\/\\\/schema.org\",\"@graph\":[{\"@type\":\"WebPage\",\"@id\":\"https:\\\/\\\/bezpiecznefinanse.net\\\/index.php\\\/produkty\\\/\",\"url\":\"https:\\\/\\\/bezpiecznefinanse.net\\\/index.php\\\/produkty\\\/\",\"name\":\"Produkty - Bezpieczne Finanse\",\"isPartOf\":{\"@id\":\"https:\\\/\\\/bezpiecznefinanse.net\\\/#website\"},\"datePublished\":\"2025-10-30T09:54:14+00:00\",\"dateModified\":\"2025-11-04T17:45:50+00:00\",\"description\":\"Prowadz\u0119 firm\u0119 Bezpieczne Finanse, kt\u00f3ra pomaga klientom przej\u015b\u0107 przez ka\u017cdy rodzaj procesu kredytowego: kredyt hipoteczny, kredyt firmowy, kredyt got\u00f3wkowy.\",\"breadcrumb\":{\"@id\":\"https:\\\/\\\/bezpiecznefinanse.net\\\/index.php\\\/produkty\\\/#breadcrumb\"},\"inLanguage\":\"pl-PL\",\"potentialAction\":[{\"@type\":\"ReadAction\",\"target\":[\"https:\\\/\\\/bezpiecznefinanse.net\\\/index.php\\\/produkty\\\/\"]}]},{\"@type\":\"BreadcrumbList\",\"@id\":\"https:\\\/\\\/bezpiecznefinanse.net\\\/index.php\\\/produkty\\\/#breadcrumb\",\"itemListElement\":[{\"@type\":\"ListItem\",\"position\":1,\"name\":\"Strona g\u0142\u00f3wna\",\"item\":\"https:\\\/\\\/bezpiecznefinanse.net\\\/\"},{\"@type\":\"ListItem\",\"position\":2,\"name\":\"Produkty\"}]},{\"@type\":\"WebSite\",\"@id\":\"https:\\\/\\\/bezpiecznefinanse.net\\\/#website\",\"url\":\"https:\\\/\\\/bezpiecznefinanse.net\\\/\",\"name\":\"Bezpieczne Finanse Kamil Adamski\",\"description\":\"\",\"publisher\":{\"@id\":\"https:\\\/\\\/bezpiecznefinanse.net\\\/#\\\/schema\\\/person\\\/9062fecb473c749b50061a431388cee0\"},\"potentialAction\":[{\"@type\":\"SearchAction\",\"target\":{\"@type\":\"EntryPoint\",\"urlTemplate\":\"https:\\\/\\\/bezpiecznefinanse.net\\\/?s={search_term_string}\"},\"query-input\":{\"@type\":\"PropertyValueSpecification\",\"valueRequired\":true,\"valueName\":\"search_term_string\"}}],\"inLanguage\":\"pl-PL\"},{\"@type\":[\"Person\",\"Organization\"],\"@id\":\"https:\\\/\\\/bezpiecznefinanse.net\\\/#\\\/schema\\\/person\\\/9062fecb473c749b50061a431388cee0\",\"name\":\"Kamil Adamski\",\"image\":{\"@type\":\"ImageObject\",\"inLanguage\":\"pl-PL\",\"@id\":\"https:\\\/\\\/bezpiecznefinanse.net\\\/wp-content\\\/uploads\\\/2025\\\/10\\\/logo-BF.jpg\",\"url\":\"https:\\\/\\\/bezpiecznefinanse.net\\\/wp-content\\\/uploads\\\/2025\\\/10\\\/logo-BF.jpg\",\"contentUrl\":\"https:\\\/\\\/bezpiecznefinanse.net\\\/wp-content\\\/uploads\\\/2025\\\/10\\\/logo-BF.jpg\",\"width\":785,\"height\":442,\"caption\":\"Kamil Adamski\"},\"logo\":{\"@id\":\"https:\\\/\\\/bezpiecznefinanse.net\\\/wp-content\\\/uploads\\\/2025\\\/10\\\/logo-BF.jpg\"},\"sameAs\":[\"http:\\\/\\\/bezpiecznefinanse.net\",\"https:\\\/\\\/www.facebook.com\\\/profile.php?id=100076367980298\"]}]}<\/script>\n<!-- \/ Yoast SEO plugin. -->","yoast_head_json":{"title":"Produkty - Bezpieczne Finanse","description":"Prowadz\u0119 firm\u0119 Bezpieczne Finanse, kt\u00f3ra pomaga klientom przej\u015b\u0107 przez ka\u017cdy rodzaj procesu kredytowego: kredyt hipoteczny, kredyt firmowy, kredyt got\u00f3wkowy.","robots":{"index":"index","follow":"follow","max-snippet":"max-snippet:-1","max-image-preview":"max-image-preview:large","max-video-preview":"max-video-preview:-1"},"canonical":"https:\/\/bezpiecznefinanse.net\/index.php\/produkty\/","og_locale":"pl_PL","og_type":"article","og_title":"Produkty - Bezpieczne Finanse","og_description":"Prowadz\u0119 firm\u0119 Bezpieczne Finanse, kt\u00f3ra pomaga klientom przej\u015b\u0107 przez ka\u017cdy rodzaj procesu kredytowego: kredyt hipoteczny, kredyt firmowy, kredyt got\u00f3wkowy.","og_url":"https:\/\/bezpiecznefinanse.net\/index.php\/produkty\/","og_site_name":"Bezpieczne Finanse","article_publisher":"https:\/\/www.facebook.com\/profile.php?id=100076367980298","article_modified_time":"2025-11-04T17:45:50+00:00","twitter_card":"summary_large_image","twitter_misc":{"Szacowany czas czytania":"1 minuta"},"schema":{"@context":"https:\/\/schema.org","@graph":[{"@type":"WebPage","@id":"https:\/\/bezpiecznefinanse.net\/index.php\/produkty\/","url":"https:\/\/bezpiecznefinanse.net\/index.php\/produkty\/","name":"Produkty - Bezpieczne Finanse","isPartOf":{"@id":"https:\/\/bezpiecznefinanse.net\/#website"},"datePublished":"2025-10-30T09:54:14+00:00","dateModified":"2025-11-04T17:45:50+00:00","description":"Prowadz\u0119 firm\u0119 Bezpieczne Finanse, kt\u00f3ra pomaga klientom przej\u015b\u0107 przez ka\u017cdy rodzaj procesu kredytowego: kredyt hipoteczny, kredyt firmowy, kredyt got\u00f3wkowy.","breadcrumb":{"@id":"https:\/\/bezpiecznefinanse.net\/index.php\/produkty\/#breadcrumb"},"inLanguage":"pl-PL","potentialAction":[{"@type":"ReadAction","target":["https:\/\/bezpiecznefinanse.net\/index.php\/produkty\/"]}]},{"@type":"BreadcrumbList","@id":"https:\/\/bezpiecznefinanse.net\/index.php\/produkty\/#breadcrumb","itemListElement":[{"@type":"ListItem","position":1,"name":"Strona g\u0142\u00f3wna","item":"https:\/\/bezpiecznefinanse.net\/"},{"@type":"ListItem","position":2,"name":"Produkty"}]},{"@type":"WebSite","@id":"https:\/\/bezpiecznefinanse.net\/#website","url":"https:\/\/bezpiecznefinanse.net\/","name":"Bezpieczne Finanse Kamil Adamski","description":"","publisher":{"@id":"https:\/\/bezpiecznefinanse.net\/#\/schema\/person\/9062fecb473c749b50061a431388cee0"},"potentialAction":[{"@type":"SearchAction","target":{"@type":"EntryPoint","urlTemplate":"https:\/\/bezpiecznefinanse.net\/?s={search_term_string}"},"query-input":{"@type":"PropertyValueSpecification","valueRequired":true,"valueName":"search_term_string"}}],"inLanguage":"pl-PL"},{"@type":["Person","Organization"],"@id":"https:\/\/bezpiecznefinanse.net\/#\/schema\/person\/9062fecb473c749b50061a431388cee0","name":"Kamil Adamski","image":{"@type":"ImageObject","inLanguage":"pl-PL","@id":"https:\/\/bezpiecznefinanse.net\/wp-content\/uploads\/2025\/10\/logo-BF.jpg","url":"https:\/\/bezpiecznefinanse.net\/wp-content\/uploads\/2025\/10\/logo-BF.jpg","contentUrl":"https:\/\/bezpiecznefinanse.net\/wp-content\/uploads\/2025\/10\/logo-BF.jpg","width":785,"height":442,"caption":"Kamil Adamski"},"logo":{"@id":"https:\/\/bezpiecznefinanse.net\/wp-content\/uploads\/2025\/10\/logo-BF.jpg"},"sameAs":["http:\/\/bezpiecznefinanse.net","https:\/\/www.facebook.com\/profile.php?id=100076367980298"]}]}},"_links":{"self":[{"href":"https:\/\/bezpiecznefinanse.net\/index.php\/wp-json\/wp\/v2\/pages\/974","targetHints":{"allow":["GET"]}}],"collection":[{"href":"https:\/\/bezpiecznefinanse.net\/index.php\/wp-json\/wp\/v2\/pages"}],"about":[{"href":"https:\/\/bezpiecznefinanse.net\/index.php\/wp-json\/wp\/v2\/types\/page"}],"author":[{"embeddable":true,"href":"https:\/\/bezpiecznefinanse.net\/index.php\/wp-json\/wp\/v2\/users\/1"}],"replies":[{"embeddable":true,"href":"https:\/\/bezpiecznefinanse.net\/index.php\/wp-json\/wp\/v2\/comments?post=974"}],"version-history":[{"count":4,"href":"https:\/\/bezpiecznefinanse.net\/index.php\/wp-json\/wp\/v2\/pages\/974\/revisions"}],"predecessor-version":[{"id":1166,"href":"https:\/\/bezpiecznefinanse.net\/index.php\/wp-json\/wp\/v2\/pages\/974\/revisions\/1166"}],"wp:attachment":[{"href":"https:\/\/bezpiecznefinanse.net\/index.php\/wp-json\/wp\/v2\/media?parent=974"}],"curies":[{"name":"wp","href":"https:\/\/api.w.org\/{rel}","templated":true}]}}